{"id":4151,"date":"2021-10-02T18:12:14","date_gmt":"2021-10-02T16:12:14","guid":{"rendered":"https:\/\/deftex.info\/?post_type=product&#038;p=4151"},"modified":"2022-12-07T20:59:01","modified_gmt":"2022-12-07T19:59:01","slug":"polizei-patch-135-x-4cm","status":"publish","type":"product","link":"https:\/\/deftex.info\/en\/produkt\/polizei-patch-135-x-4cm\/","title":{"rendered":"Polizei Patch 13,5 x 4cm"},"content":{"rendered":"<p>Lasercut Cordura Polizei Patch.<\/p>\n<ul>\n<li>Lasercut Cordura<\/li>\n<li>Velcro Hakenklett auf R\u00fcckseite<\/li>\n<li>Farben siehe Auswahlmen\u00fc<\/li>\n<li>Made in Germany<\/li>\n<li>Ma\u00dfe: 13,5x4cm<\/li>\n<\/ul>\n<p><span style=\"color: #ff0000;\">Verkauf nur gegen Vorlage des Dienstausweises!<\/span><\/p>\n","protected":false},"excerpt":{"rendered":"<p>Lasercut Cordura Polizei Patch. Lasercut Cordura Velcro Hakenklett auf R\u00fcckseite Farben siehe Auswahlmen\u00fc Made in Germany Ma\u00dfe: 13,5x4cm Verkauf nur gegen Vorlage des Dienstausweises!<\/p>\n","protected":false},"featured_media":4223,"template":"","meta":[],"product_brand":[],"product_cat":[124,213],"product_tag":[],"class_list":{"0":"post-4151","1":"product","2":"type-product","3":"status-publish","4":"has-post-thumbnail","6":"product_cat-accessories","7":"product_cat-patches-en","9":"first","10":"instock","11":"taxable","12":"shipping-taxable","13":"purchasable","14":"product-type-variable"},"yoast_head":"<!-- This site is optimized with the Yoast SEO Premium plugin v26.1 (Yoast SEO v26.1.1) - https:\/\/yoast.com\/wordpress\/plugins\/seo\/ -->\n<title>Polizei Patch 13,5 x 4cm - DEFTEX - Defence Textile<\/title>\n<meta name=\"robots\" content=\"index, follow, max-snippet:-1, max-image-preview:large, max-video-preview:-1\" \/>\n<link rel=\"canonical\" href=\"https:\/\/deftex.info\/en\/produkt\/polizei-patch-135-x-4cm\/\" \/>\n<meta property=\"og:locale\" content=\"en_US\" \/>\n<meta property=\"og:type\" content=\"article\" \/>\n<meta property=\"og:title\" content=\"Polizei Patch 13,5 x 4cm\" \/>\n<meta property=\"og:description\" content=\"Lasercut Cordura Polizei Patch. Lasercut Cordura Velcro Hakenklett auf R\u00fcckseite Farben siehe Auswahlmen\u00fc Made in Germany Ma\u00dfe: 13,5x4cm Verkauf nur gegen Vorlage des Dienstausweises!\" \/>\n<meta property=\"og:url\" content=\"https:\/\/deftex.info\/en\/produkt\/polizei-patch-135-x-4cm\/\" \/>\n<meta property=\"og:site_name\" content=\"DEFTEX - Defence Textile\" \/>\n<meta property=\"article:publisher\" content=\"https:\/\/www.facebook.com\/p\/Deftex-Defence-Textile-100076201268664\/\" \/>\n<meta property=\"article:modified_time\" content=\"2022-12-07T19:59:01+00:00\" \/>\n<meta property=\"og:image\" content=\"https:\/\/deftex.info\/wp-content\/uploads\/2021\/10\/Polizei-Patch-135x4cm-01.jpg\" \/>\n\t<meta property=\"og:image:width\" content=\"1200\" \/>\n\t<meta property=\"og:image:height\" content=\"797\" \/>\n\t<meta property=\"og:image:type\" content=\"image\/jpeg\" \/>\n<meta name=\"twitter:card\" content=\"summary_large_image\" \/>\n<script type=\"application\/ld+json\" class=\"yoast-schema-graph\">{\"@context\":\"https:\/\/schema.org\",\"@graph\":[{\"@type\":\"WebPage\",\"@id\":\"https:\/\/deftex.info\/en\/produkt\/polizei-patch-135-x-4cm\/\",\"url\":\"https:\/\/deftex.info\/en\/produkt\/polizei-patch-135-x-4cm\/\",\"name\":\"Polizei Patch 13,5 x 4cm - DEFTEX - Defence Textile\",\"isPartOf\":{\"@id\":\"https:\/\/deftex.info\/en\/#website\"},\"primaryImageOfPage\":{\"@id\":\"https:\/\/deftex.info\/en\/produkt\/polizei-patch-135-x-4cm\/#primaryimage\"},\"image\":{\"@id\":\"https:\/\/deftex.info\/en\/produkt\/polizei-patch-135-x-4cm\/#primaryimage\"},\"thumbnailUrl\":\"https:\/\/deftex.info\/wp-content\/uploads\/2021\/10\/Polizei-Patch-135x4cm-01.jpg\",\"datePublished\":\"2021-10-02T16:12:14+00:00\",\"dateModified\":\"2022-12-07T19:59:01+00:00\",\"breadcrumb\":{\"@id\":\"https:\/\/deftex.info\/en\/produkt\/polizei-patch-135-x-4cm\/#breadcrumb\"},\"inLanguage\":\"en-US\",\"potentialAction\":[{\"@type\":\"ReadAction\",\"target\":[\"https:\/\/deftex.info\/en\/produkt\/polizei-patch-135-x-4cm\/\"]}]},{\"@type\":\"ImageObject\",\"inLanguage\":\"en-US\",\"@id\":\"https:\/\/deftex.info\/en\/produkt\/polizei-patch-135-x-4cm\/#primaryimage\",\"url\":\"https:\/\/deftex.info\/wp-content\/uploads\/2021\/10\/Polizei-Patch-135x4cm-01.jpg\",\"contentUrl\":\"https:\/\/deftex.info\/wp-content\/uploads\/2021\/10\/Polizei-Patch-135x4cm-01.jpg\",\"width\":1200,\"height\":797},{\"@type\":\"BreadcrumbList\",\"@id\":\"https:\/\/deftex.info\/en\/produkt\/polizei-patch-135-x-4cm\/#breadcrumb\",\"itemListElement\":[{\"@type\":\"ListItem\",\"position\":1,\"name\":\"Startseite\",\"item\":\"https:\/\/deftex.info\/en\/home\/\"},{\"@type\":\"ListItem\",\"position\":2,\"name\":\"Shop\",\"item\":\"https:\/\/deftex.info\/en\/shop\/\"},{\"@type\":\"ListItem\",\"position\":3,\"name\":\"Polizei Patch 13,5 x 4cm\"}]},{\"@type\":\"WebSite\",\"@id\":\"https:\/\/deftex.info\/en\/#website\",\"url\":\"https:\/\/deftex.info\/en\/\",\"name\":\"DEFTEX - Defence Textile\",\"description\":\"\",\"publisher\":{\"@id\":\"https:\/\/deftex.info\/en\/#organization\"},\"alternateName\":\"DEFTEX\",\"potentialAction\":[{\"@type\":\"SearchAction\",\"target\":{\"@type\":\"EntryPoint\",\"urlTemplate\":\"https:\/\/deftex.info\/en\/?s={search_term_string}\"},\"query-input\":{\"@type\":\"PropertyValueSpecification\",\"valueRequired\":true,\"valueName\":\"search_term_string\"}}],\"inLanguage\":\"en-US\"},{\"@type\":\"Organization\",\"@id\":\"https:\/\/deftex.info\/en\/#organization\",\"name\":\"DEFTEX - Defence Textile\",\"url\":\"https:\/\/deftex.info\/en\/\",\"logo\":{\"@type\":\"ImageObject\",\"inLanguage\":\"en-US\",\"@id\":\"https:\/\/deftex.info\/en\/#\/schema\/logo\/image\/\",\"url\":\"https:\/\/deftex.info\/wp-content\/uploads\/2021\/04\/DEFTEX-Logo.jpg\",\"contentUrl\":\"https:\/\/deftex.info\/wp-content\/uploads\/2021\/04\/DEFTEX-Logo.jpg\",\"width\":1500,\"height\":1500,\"caption\":\"DEFTEX - Defence Textile\"},\"image\":{\"@id\":\"https:\/\/deftex.info\/en\/#\/schema\/logo\/image\/\"},\"sameAs\":[\"https:\/\/www.facebook.com\/p\/Deftex-Defence-Textile-100076201268664\/\",\"https:\/\/www.instagram.com\/deftex_de\/\"]}]}<\/script>\n<!-- \/ Yoast SEO Premium plugin. -->","yoast_head_json":{"title":"Polizei Patch 13,5 x 4cm - DEFTEX - Defence Textile","robots":{"index":"index","follow":"follow","max-snippet":"max-snippet:-1","max-image-preview":"max-image-preview:large","max-video-preview":"max-video-preview:-1"},"canonical":"https:\/\/deftex.info\/en\/produkt\/polizei-patch-135-x-4cm\/","og_locale":"en_US","og_type":"article","og_title":"Polizei Patch 13,5 x 4cm","og_description":"Lasercut Cordura Polizei Patch. Lasercut Cordura Velcro Hakenklett auf R\u00fcckseite Farben siehe Auswahlmen\u00fc Made in Germany Ma\u00dfe: 13,5x4cm Verkauf nur gegen Vorlage des Dienstausweises!","og_url":"https:\/\/deftex.info\/en\/produkt\/polizei-patch-135-x-4cm\/","og_site_name":"DEFTEX - Defence Textile","article_publisher":"https:\/\/www.facebook.com\/p\/Deftex-Defence-Textile-100076201268664\/","article_modified_time":"2022-12-07T19:59:01+00:00","og_image":[{"width":1200,"height":797,"url":"https:\/\/deftex.info\/wp-content\/uploads\/2021\/10\/Polizei-Patch-135x4cm-01.jpg","type":"image\/jpeg"}],"twitter_card":"summary_large_image","schema":{"@context":"https:\/\/schema.org","@graph":[{"@type":"WebPage","@id":"https:\/\/deftex.info\/en\/produkt\/polizei-patch-135-x-4cm\/","url":"https:\/\/deftex.info\/en\/produkt\/polizei-patch-135-x-4cm\/","name":"Polizei Patch 13,5 x 4cm - DEFTEX - Defence Textile","isPartOf":{"@id":"https:\/\/deftex.info\/en\/#website"},"primaryImageOfPage":{"@id":"https:\/\/deftex.info\/en\/produkt\/polizei-patch-135-x-4cm\/#primaryimage"},"image":{"@id":"https:\/\/deftex.info\/en\/produkt\/polizei-patch-135-x-4cm\/#primaryimage"},"thumbnailUrl":"https:\/\/deftex.info\/wp-content\/uploads\/2021\/10\/Polizei-Patch-135x4cm-01.jpg","datePublished":"2021-10-02T16:12:14+00:00","dateModified":"2022-12-07T19:59:01+00:00","breadcrumb":{"@id":"https:\/\/deftex.info\/en\/produkt\/polizei-patch-135-x-4cm\/#breadcrumb"},"inLanguage":"en-US","potentialAction":[{"@type":"ReadAction","target":["https:\/\/deftex.info\/en\/produkt\/polizei-patch-135-x-4cm\/"]}]},{"@type":"ImageObject","inLanguage":"en-US","@id":"https:\/\/deftex.info\/en\/produkt\/polizei-patch-135-x-4cm\/#primaryimage","url":"https:\/\/deftex.info\/wp-content\/uploads\/2021\/10\/Polizei-Patch-135x4cm-01.jpg","contentUrl":"https:\/\/deftex.info\/wp-content\/uploads\/2021\/10\/Polizei-Patch-135x4cm-01.jpg","width":1200,"height":797},{"@type":"BreadcrumbList","@id":"https:\/\/deftex.info\/en\/produkt\/polizei-patch-135-x-4cm\/#breadcrumb","itemListElement":[{"@type":"ListItem","position":1,"name":"Startseite","item":"https:\/\/deftex.info\/en\/home\/"},{"@type":"ListItem","position":2,"name":"Shop","item":"https:\/\/deftex.info\/en\/shop\/"},{"@type":"ListItem","position":3,"name":"Polizei Patch 13,5 x 4cm"}]},{"@type":"WebSite","@id":"https:\/\/deftex.info\/en\/#website","url":"https:\/\/deftex.info\/en\/","name":"DEFTEX - Defence Textile","description":"","publisher":{"@id":"https:\/\/deftex.info\/en\/#organization"},"alternateName":"DEFTEX","potentialAction":[{"@type":"SearchAction","target":{"@type":"EntryPoint","urlTemplate":"https:\/\/deftex.info\/en\/?s={search_term_string}"},"query-input":{"@type":"PropertyValueSpecification","valueRequired":true,"valueName":"search_term_string"}}],"inLanguage":"en-US"},{"@type":"Organization","@id":"https:\/\/deftex.info\/en\/#organization","name":"DEFTEX - Defence Textile","url":"https:\/\/deftex.info\/en\/","logo":{"@type":"ImageObject","inLanguage":"en-US","@id":"https:\/\/deftex.info\/en\/#\/schema\/logo\/image\/","url":"https:\/\/deftex.info\/wp-content\/uploads\/2021\/04\/DEFTEX-Logo.jpg","contentUrl":"https:\/\/deftex.info\/wp-content\/uploads\/2021\/04\/DEFTEX-Logo.jpg","width":1500,"height":1500,"caption":"DEFTEX - Defence Textile"},"image":{"@id":"https:\/\/deftex.info\/en\/#\/schema\/logo\/image\/"},"sameAs":["https:\/\/www.facebook.com\/p\/Deftex-Defence-Textile-100076201268664\/","https:\/\/www.instagram.com\/deftex_de\/"]}]}},"_links":{"self":[{"href":"https:\/\/deftex.info\/en\/wp-json\/wp\/v2\/product\/4151","targetHints":{"allow":["GET"]}}],"collection":[{"href":"https:\/\/deftex.info\/en\/wp-json\/wp\/v2\/product"}],"about":[{"href":"https:\/\/deftex.info\/en\/wp-json\/wp\/v2\/types\/product"}],"wp:featuredmedia":[{"embeddable":true,"href":"https:\/\/deftex.info\/en\/wp-json\/wp\/v2\/media\/4223"}],"wp:attachment":[{"href":"https:\/\/deftex.info\/en\/wp-json\/wp\/v2\/media?parent=4151"}],"wp:term":[{"taxonomy":"product_brand","embeddable":true,"href":"https:\/\/deftex.info\/en\/wp-json\/wp\/v2\/product_brand?post=4151"},{"taxonomy":"product_cat","embeddable":true,"href":"https:\/\/deftex.info\/en\/wp-json\/wp\/v2\/product_cat?post=4151"},{"taxonomy":"product_tag","embeddable":true,"href":"https:\/\/deftex.info\/en\/wp-json\/wp\/v2\/product_tag?post=4151"}],"curies":[{"name":"wp","href":"https:\/\/api.w.org\/{rel}","templated":true}]}}